{"id":118,"date":"2023-02-02T12:46:04","date_gmt":"2023-02-02T11:46:04","guid":{"rendered":"http:\/\/www.ricochets.org\/?page_id=118"},"modified":"2023-03-02T11:53:33","modified_gmt":"2023-03-02T10:53:33","slug":"nos-partenaires","status":"publish","type":"page","link":"https:\/\/www.ricochets.org\/index.php\/nos-partenaires\/","title":{"rendered":"Nos partenaires"},"content":{"rendered":"\n<p>Ricochets souhaite activer les partenariats avec les autres acteurs de la commune, pour participer \u00e0 revitaliser le tissu associatif et la vie \u00e0 Pierrerue.<\/p>\n\n\n\n<p>Vous trouverez ci-dessous ces diff\u00e9rents acteurs de notre commune. <\/p>\n\n\n\n<p><\/p>\n\n\n\n<ul class=\"wp-block-list\">\n<li><strong><a href=\"https:\/\/www.facebook.com\/profile.php?id=100063584796768\">Restaurant Cocotte<\/a><\/strong><\/li>\n<\/ul>\n\n\n\n<ul class=\"wp-block-list\">\n<li><strong>Comit\u00e9 des F\u00eates <\/strong><\/li>\n<\/ul>\n\n\n\n<ul class=\"wp-block-list\">\n<li><strong><a href=\"https:\/\/www.facebook.com\/SPQR04\/?locale=fr_FR\">Saint-Pierre Qui Roule<\/a><\/strong><\/li>\n<\/ul>\n\n\n\n<ul class=\"wp-block-list\">\n<li><strong>La Farandole<\/strong><\/li>\n<\/ul>\n\n\n\n<ul class=\"wp-block-list\">\n<li><strong>Autour du Four<\/strong><\/li>\n<\/ul>\n\n\n\n<ul class=\"wp-block-list\">\n<li><a href=\"https:\/\/www.pierrerue04.fr\/\">Mairie de Pierrerue<\/a><\/li>\n<\/ul>\n","protected":false},"excerpt":{"rendered":"<p>Ricochets souhaite activer les partenariats avec les autres acteurs de la commune, pour participer \u00e0 revitaliser le tissu associatif et la vie \u00e0 Pierrerue. Vous trouverez ci-dessous ces diff\u00e9rents acteurs de notre commune.<\/p>\n","protected":false},"author":1,"featured_media":0,"parent":0,"menu_order":0,"comment_status":"closed","ping_status":"closed","template":"","meta":{"footnotes":""},"class_list":["post-118","page","type-page","status-publish","hentry"],"yoast_head":"<!-- This site is optimized with the Yoast SEO plugin v22.1 - https:\/\/yoast.com\/wordpress\/plugins\/seo\/ -->\n<title>Nos partenaires - Association Ricochets<\/title>\n<meta name=\"robots\" content=\"index, follow, max-snippet:-1, max-image-preview:large, max-video-preview:-1\" \/>\n<link rel=\"canonical\" href=\"https:\/\/www.ricochets.org\/index.php\/nos-partenaires\/\" \/>\n<meta property=\"og:locale\" content=\"fr_FR\" \/>\n<meta property=\"og:type\" content=\"article\" \/>\n<meta property=\"og:title\" content=\"Nos partenaires - Association Ricochets\" \/>\n<meta property=\"og:description\" content=\"Ricochets souhaite activer les partenariats avec les autres acteurs de la commune, pour participer \u00e0 revitaliser le tissu associatif et la vie \u00e0 Pierrerue. Vous trouverez ci-dessous ces diff\u00e9rents acteurs de notre commune.\" \/>\n<meta property=\"og:url\" content=\"https:\/\/www.ricochets.org\/index.php\/nos-partenaires\/\" \/>\n<meta property=\"og:site_name\" content=\"Association Ricochets\" \/>\n<meta property=\"article:publisher\" content=\"https:\/\/www.facebook.com\/people\/Ricochets-Pierrerue\/100080624044782\/\" \/>\n<meta property=\"article:modified_time\" content=\"2023-03-02T10:53:33+00:00\" \/>\n<meta name=\"twitter:card\" content=\"summary_large_image\" \/>\n<script type=\"application\/ld+json\" class=\"yoast-schema-graph\">{\"@context\":\"https:\/\/schema.org\",\"@graph\":[{\"@type\":\"WebPage\",\"@id\":\"https:\/\/www.ricochets.org\/index.php\/nos-partenaires\/\",\"url\":\"https:\/\/www.ricochets.org\/index.php\/nos-partenaires\/\",\"name\":\"Nos partenaires - Association Ricochets\",\"isPartOf\":{\"@id\":\"https:\/\/www.ricochets.org\/#website\"},\"datePublished\":\"2023-02-02T11:46:04+00:00\",\"dateModified\":\"2023-03-02T10:53:33+00:00\",\"breadcrumb\":{\"@id\":\"https:\/\/www.ricochets.org\/index.php\/nos-partenaires\/#breadcrumb\"},\"inLanguage\":\"fr-FR\",\"potentialAction\":[{\"@type\":\"ReadAction\",\"target\":[\"https:\/\/www.ricochets.org\/index.php\/nos-partenaires\/\"]}]},{\"@type\":\"BreadcrumbList\",\"@id\":\"https:\/\/www.ricochets.org\/index.php\/nos-partenaires\/#breadcrumb\",\"itemListElement\":[{\"@type\":\"ListItem\",\"position\":1,\"name\":\"Accueil\",\"item\":\"https:\/\/www.ricochets.org\/\"},{\"@type\":\"ListItem\",\"position\":2,\"name\":\"Nos partenaires\"}]},{\"@type\":\"WebSite\",\"@id\":\"https:\/\/www.ricochets.org\/#website\",\"url\":\"https:\/\/www.ricochets.org\/\",\"name\":\"Association Ricochets Pierrerue\",\"description\":\"Pour des ondes positives \u00e0 Pierrerue\",\"publisher\":{\"@id\":\"https:\/\/www.ricochets.org\/#organization\"},\"potentialAction\":[{\"@type\":\"SearchAction\",\"target\":{\"@type\":\"EntryPoint\",\"urlTemplate\":\"https:\/\/www.ricochets.org\/?s={search_term_string}\"},\"query-input\":\"required name=search_term_string\"}],\"inLanguage\":\"fr-FR\"},{\"@type\":\"Organization\",\"@id\":\"https:\/\/www.ricochets.org\/#organization\",\"name\":\"Association Ricochets Pierrerue\",\"url\":\"https:\/\/www.ricochets.org\/\",\"logo\":{\"@type\":\"ImageObject\",\"inLanguage\":\"fr-FR\",\"@id\":\"https:\/\/www.ricochets.org\/#\/schema\/logo\/image\/\",\"url\":\"https:\/\/www.ricochets.org\/wp-content\/uploads\/2023\/02\/cropped-logo-.jpg\",\"contentUrl\":\"https:\/\/www.ricochets.org\/wp-content\/uploads\/2023\/02\/cropped-logo-.jpg\",\"width\":512,\"height\":512,\"caption\":\"Association Ricochets Pierrerue\"},\"image\":{\"@id\":\"https:\/\/www.ricochets.org\/#\/schema\/logo\/image\/\"},\"sameAs\":[\"https:\/\/www.facebook.com\/people\/Ricochets-Pierrerue\/100080624044782\/\"]}]}<\/script>\n<!-- \/ Yoast SEO plugin. -->","yoast_head_json":{"title":"Nos partenaires - Association Ricochets","robots":{"index":"index","follow":"follow","max-snippet":"max-snippet:-1","max-image-preview":"max-image-preview:large","max-video-preview":"max-video-preview:-1"},"canonical":"https:\/\/www.ricochets.org\/index.php\/nos-partenaires\/","og_locale":"fr_FR","og_type":"article","og_title":"Nos partenaires - Association Ricochets","og_description":"Ricochets souhaite activer les partenariats avec les autres acteurs de la commune, pour participer \u00e0 revitaliser le tissu associatif et la vie \u00e0 Pierrerue. Vous trouverez ci-dessous ces diff\u00e9rents acteurs de notre commune.","og_url":"https:\/\/www.ricochets.org\/index.php\/nos-partenaires\/","og_site_name":"Association Ricochets","article_publisher":"https:\/\/www.facebook.com\/people\/Ricochets-Pierrerue\/100080624044782\/","article_modified_time":"2023-03-02T10:53:33+00:00","twitter_card":"summary_large_image","schema":{"@context":"https:\/\/schema.org","@graph":[{"@type":"WebPage","@id":"https:\/\/www.ricochets.org\/index.php\/nos-partenaires\/","url":"https:\/\/www.ricochets.org\/index.php\/nos-partenaires\/","name":"Nos partenaires - Association Ricochets","isPartOf":{"@id":"https:\/\/www.ricochets.org\/#website"},"datePublished":"2023-02-02T11:46:04+00:00","dateModified":"2023-03-02T10:53:33+00:00","breadcrumb":{"@id":"https:\/\/www.ricochets.org\/index.php\/nos-partenaires\/#breadcrumb"},"inLanguage":"fr-FR","potentialAction":[{"@type":"ReadAction","target":["https:\/\/www.ricochets.org\/index.php\/nos-partenaires\/"]}]},{"@type":"BreadcrumbList","@id":"https:\/\/www.ricochets.org\/index.php\/nos-partenaires\/#breadcrumb","itemListElement":[{"@type":"ListItem","position":1,"name":"Accueil","item":"https:\/\/www.ricochets.org\/"},{"@type":"ListItem","position":2,"name":"Nos partenaires"}]},{"@type":"WebSite","@id":"https:\/\/www.ricochets.org\/#website","url":"https:\/\/www.ricochets.org\/","name":"Association Ricochets Pierrerue","description":"Pour des ondes positives \u00e0 Pierrerue","publisher":{"@id":"https:\/\/www.ricochets.org\/#organization"},"potentialAction":[{"@type":"SearchAction","target":{"@type":"EntryPoint","urlTemplate":"https:\/\/www.ricochets.org\/?s={search_term_string}"},"query-input":"required name=search_term_string"}],"inLanguage":"fr-FR"},{"@type":"Organization","@id":"https:\/\/www.ricochets.org\/#organization","name":"Association Ricochets Pierrerue","url":"https:\/\/www.ricochets.org\/","logo":{"@type":"ImageObject","inLanguage":"fr-FR","@id":"https:\/\/www.ricochets.org\/#\/schema\/logo\/image\/","url":"https:\/\/www.ricochets.org\/wp-content\/uploads\/2023\/02\/cropped-logo-.jpg","contentUrl":"https:\/\/www.ricochets.org\/wp-content\/uploads\/2023\/02\/cropped-logo-.jpg","width":512,"height":512,"caption":"Association Ricochets Pierrerue"},"image":{"@id":"https:\/\/www.ricochets.org\/#\/schema\/logo\/image\/"},"sameAs":["https:\/\/www.facebook.com\/people\/Ricochets-Pierrerue\/100080624044782\/"]}]}},"_links":{"self":[{"href":"https:\/\/www.ricochets.org\/index.php\/wp-json\/wp\/v2\/pages\/118","targetHints":{"allow":["GET"]}}],"collection":[{"href":"https:\/\/www.ricochets.org\/index.php\/wp-json\/wp\/v2\/pages"}],"about":[{"href":"https:\/\/www.ricochets.org\/index.php\/wp-json\/wp\/v2\/types\/page"}],"author":[{"embeddable":true,"href":"https:\/\/www.ricochets.org\/index.php\/wp-json\/wp\/v2\/users\/1"}],"replies":[{"embeddable":true,"href":"https:\/\/www.ricochets.org\/index.php\/wp-json\/wp\/v2\/comments?post=118"}],"version-history":[{"count":17,"href":"https:\/\/www.ricochets.org\/index.php\/wp-json\/wp\/v2\/pages\/118\/revisions"}],"predecessor-version":[{"id":446,"href":"https:\/\/www.ricochets.org\/index.php\/wp-json\/wp\/v2\/pages\/118\/revisions\/446"}],"wp:attachment":[{"href":"https:\/\/www.ricochets.org\/index.php\/wp-json\/wp\/v2\/media?parent=118"}],"curies":[{"name":"wp","href":"https:\/\/api.w.org\/{rel}","templated":true}]}}