{"id":121,"date":"2023-02-02T13:41:17","date_gmt":"2023-02-02T12:41:17","guid":{"rendered":"http:\/\/www.ricochets.org\/?page_id=121"},"modified":"2023-03-01T15:10:26","modified_gmt":"2023-03-01T14:10:26","slug":"les-projets","status":"publish","type":"page","link":"https:\/\/www.ricochets.org\/index.php\/les-projets\/","title":{"rendered":"Les projets"},"content":{"rendered":"\n<p>Chez Ricochets, chacun peut \u00eatre \u00e0 l&#8217;initiative d&#8217;un projet.<br>Mais qu&#8217;est-ce que \u00e7a veut dire concr\u00e8tement ? Comment on s&#8217;y prend ? <\/p>\n\n\n\n<div class=\"wp-block-columns is-layout-flex wp-container-core-columns-is-layout-9d6595d7 wp-block-columns-is-layout-flex\">\n<div class=\"wp-block-column is-layout-flow wp-block-column-is-layout-flow\" style=\"flex-basis:33.33%\">\n<figure class=\"wp-block-image size-large\"><img loading=\"lazy\" decoding=\"async\" width=\"834\" height=\"1024\" src=\"https:\/\/www.ricochets.org\/wp-content\/uploads\/2023\/02\/idee-834x1024.png\" alt=\"\" class=\"wp-image-390\" srcset=\"https:\/\/www.ricochets.org\/wp-content\/uploads\/2023\/02\/idee-834x1024.png 834w, https:\/\/www.ricochets.org\/wp-content\/uploads\/2023\/02\/idee-244x300.png 244w, https:\/\/www.ricochets.org\/wp-content\/uploads\/2023\/02\/idee-768x943.png 768w, https:\/\/www.ricochets.org\/wp-content\/uploads\/2023\/02\/idee.png 1200w\" sizes=\"auto, (max-width: 834px) 100vw, 834px\" \/><\/figure>\n<\/div>\n\n\n\n<div class=\"wp-block-column is-layout-flow wp-block-column-is-layout-flow\" style=\"flex-basis:66.66%\">\n<p>Et bien cela part d&#8217;une id\u00e9e, d&#8217;une envie que chacun peut avoir. Cela peut \u00eatre un \u00e9v\u00e8nement exceptionnel, ou bien une activit\u00e9 r\u00e9guli\u00e8re \u00e0 proposer ou dont vous avez envie. Il suffit alors d&#8217;en parler et de convaincre quelques personnes, 2 ou 3 pas plus, pour vous aider \u00e0 am\u00e9liorer  et surtout renforcer votre projet. Ensuite, il ne vous reste plus qu&#8217;\u00e0 le pr\u00e9senter aux autres membres de l&#8217;association. <\/p>\n<\/div>\n<\/div>\n\n\n\n<p>Des volontaires peuvent alors se joindre \u00e0 votre groupe projet. Et le jour J, les adh\u00e9rents de l&#8217;association viennent donner un coup de main. Et hop, c&#8217;est presque magique ! <br><br>Et vous, <a href=\"https:\/\/www.ricochets.org\/index.php\/nous-contacter\/\">qu&#8217;en pensez-vous ? Souhaitez-vous participer ? Vous pouvez nous contacter pour cela<\/a> <\/p>\n","protected":false},"excerpt":{"rendered":"<p>Chez Ricochets, chacun peut \u00eatre \u00e0 l&#8217;initiative d&#8217;un projet.Mais qu&#8217;est-ce que \u00e7a veut dire concr\u00e8tement ? Comment on s&#8217;y prend ? Et bien cela part d&#8217;une id\u00e9e, d&#8217;une envie que chacun peut avoir. Cela peut \u00eatre un \u00e9v\u00e8nement exceptionnel, ou bien une activit\u00e9 r\u00e9guli\u00e8re \u00e0 proposer ou dont vous avez envie. Il suffit alors d&#8217;en &hellip; <a href=\"https:\/\/www.ricochets.org\/index.php\/les-projets\/\" class=\"more-link\">Continuer la lecture de <span class=\"screen-reader-text\">Les projets<\/span>  <span class=\"meta-nav\">&rarr;<\/span><\/a><\/p>\n","protected":false},"author":1,"featured_media":0,"parent":0,"menu_order":0,"comment_status":"closed","ping_status":"closed","template":"","meta":{"footnotes":""},"class_list":["post-121","page","type-page","status-publish","hentry"],"yoast_head":"<!-- This site is optimized with the Yoast SEO plugin v22.1 - https:\/\/yoast.com\/wordpress\/plugins\/seo\/ -->\n<title>Les projets - Association Ricochets<\/title>\n<meta name=\"robots\" content=\"index, follow, max-snippet:-1, max-image-preview:large, max-video-preview:-1\" \/>\n<link rel=\"canonical\" href=\"https:\/\/www.ricochets.org\/index.php\/les-projets\/\" \/>\n<meta property=\"og:locale\" content=\"fr_FR\" \/>\n<meta property=\"og:type\" content=\"article\" \/>\n<meta property=\"og:title\" content=\"Les projets - Association Ricochets\" \/>\n<meta property=\"og:description\" content=\"Chez Ricochets, chacun peut \u00eatre \u00e0 l&#8217;initiative d&#8217;un projet.Mais qu&#8217;est-ce que \u00e7a veut dire concr\u00e8tement ? Comment on s&#8217;y prend ? Et bien cela part d&#8217;une id\u00e9e, d&#8217;une envie que chacun peut avoir. Cela peut \u00eatre un \u00e9v\u00e8nement exceptionnel, ou bien une activit\u00e9 r\u00e9guli\u00e8re \u00e0 proposer ou dont vous avez envie. Il suffit alors d&#8217;en &hellip; Continuer la lecture de Les projets &rarr;\" \/>\n<meta property=\"og:url\" content=\"https:\/\/www.ricochets.org\/index.php\/les-projets\/\" \/>\n<meta property=\"og:site_name\" content=\"Association Ricochets\" \/>\n<meta property=\"article:publisher\" content=\"https:\/\/www.facebook.com\/people\/Ricochets-Pierrerue\/100080624044782\/\" \/>\n<meta property=\"article:modified_time\" content=\"2023-03-01T14:10:26+00:00\" \/>\n<meta property=\"og:image\" content=\"http:\/\/www.ricochets.org\/wp-content\/uploads\/2023\/02\/idee-834x1024.png\" \/>\n<meta name=\"twitter:card\" content=\"summary_large_image\" \/>\n<meta name=\"twitter:label1\" content=\"Dur\u00e9e de lecture estim\u00e9e\" \/>\n\t<meta name=\"twitter:data1\" content=\"1 minute\" \/>\n<script type=\"application\/ld+json\" class=\"yoast-schema-graph\">{\"@context\":\"https:\/\/schema.org\",\"@graph\":[{\"@type\":\"WebPage\",\"@id\":\"https:\/\/www.ricochets.org\/index.php\/les-projets\/\",\"url\":\"https:\/\/www.ricochets.org\/index.php\/les-projets\/\",\"name\":\"Les projets - Association Ricochets\",\"isPartOf\":{\"@id\":\"https:\/\/www.ricochets.org\/#website\"},\"datePublished\":\"2023-02-02T12:41:17+00:00\",\"dateModified\":\"2023-03-01T14:10:26+00:00\",\"breadcrumb\":{\"@id\":\"https:\/\/www.ricochets.org\/index.php\/les-projets\/#breadcrumb\"},\"inLanguage\":\"fr-FR\",\"potentialAction\":[{\"@type\":\"ReadAction\",\"target\":[\"https:\/\/www.ricochets.org\/index.php\/les-projets\/\"]}]},{\"@type\":\"BreadcrumbList\",\"@id\":\"https:\/\/www.ricochets.org\/index.php\/les-projets\/#breadcrumb\",\"itemListElement\":[{\"@type\":\"ListItem\",\"position\":1,\"name\":\"Accueil\",\"item\":\"https:\/\/www.ricochets.org\/\"},{\"@type\":\"ListItem\",\"position\":2,\"name\":\"Les projets\"}]},{\"@type\":\"WebSite\",\"@id\":\"https:\/\/www.ricochets.org\/#website\",\"url\":\"https:\/\/www.ricochets.org\/\",\"name\":\"Association Ricochets Pierrerue\",\"description\":\"Pour des ondes positives \u00e0 Pierrerue\",\"publisher\":{\"@id\":\"https:\/\/www.ricochets.org\/#organization\"},\"potentialAction\":[{\"@type\":\"SearchAction\",\"target\":{\"@type\":\"EntryPoint\",\"urlTemplate\":\"https:\/\/www.ricochets.org\/?s={search_term_string}\"},\"query-input\":\"required name=search_term_string\"}],\"inLanguage\":\"fr-FR\"},{\"@type\":\"Organization\",\"@id\":\"https:\/\/www.ricochets.org\/#organization\",\"name\":\"Association Ricochets Pierrerue\",\"url\":\"https:\/\/www.ricochets.org\/\",\"logo\":{\"@type\":\"ImageObject\",\"inLanguage\":\"fr-FR\",\"@id\":\"https:\/\/www.ricochets.org\/#\/schema\/logo\/image\/\",\"url\":\"https:\/\/www.ricochets.org\/wp-content\/uploads\/2023\/02\/cropped-logo-.jpg\",\"contentUrl\":\"https:\/\/www.ricochets.org\/wp-content\/uploads\/2023\/02\/cropped-logo-.jpg\",\"width\":512,\"height\":512,\"caption\":\"Association Ricochets Pierrerue\"},\"image\":{\"@id\":\"https:\/\/www.ricochets.org\/#\/schema\/logo\/image\/\"},\"sameAs\":[\"https:\/\/www.facebook.com\/people\/Ricochets-Pierrerue\/100080624044782\/\"]}]}<\/script>\n<!-- \/ Yoast SEO plugin. -->","yoast_head_json":{"title":"Les projets - Association Ricochets","robots":{"index":"index","follow":"follow","max-snippet":"max-snippet:-1","max-image-preview":"max-image-preview:large","max-video-preview":"max-video-preview:-1"},"canonical":"https:\/\/www.ricochets.org\/index.php\/les-projets\/","og_locale":"fr_FR","og_type":"article","og_title":"Les projets - Association Ricochets","og_description":"Chez Ricochets, chacun peut \u00eatre \u00e0 l&#8217;initiative d&#8217;un projet.Mais qu&#8217;est-ce que \u00e7a veut dire concr\u00e8tement ? Comment on s&#8217;y prend ? Et bien cela part d&#8217;une id\u00e9e, d&#8217;une envie que chacun peut avoir. Cela peut \u00eatre un \u00e9v\u00e8nement exceptionnel, ou bien une activit\u00e9 r\u00e9guli\u00e8re \u00e0 proposer ou dont vous avez envie. Il suffit alors d&#8217;en &hellip; Continuer la lecture de Les projets &rarr;","og_url":"https:\/\/www.ricochets.org\/index.php\/les-projets\/","og_site_name":"Association Ricochets","article_publisher":"https:\/\/www.facebook.com\/people\/Ricochets-Pierrerue\/100080624044782\/","article_modified_time":"2023-03-01T14:10:26+00:00","og_image":[{"url":"http:\/\/www.ricochets.org\/wp-content\/uploads\/2023\/02\/idee-834x1024.png"}],"twitter_card":"summary_large_image","twitter_misc":{"Dur\u00e9e de lecture estim\u00e9e":"1 minute"},"schema":{"@context":"https:\/\/schema.org","@graph":[{"@type":"WebPage","@id":"https:\/\/www.ricochets.org\/index.php\/les-projets\/","url":"https:\/\/www.ricochets.org\/index.php\/les-projets\/","name":"Les projets - Association Ricochets","isPartOf":{"@id":"https:\/\/www.ricochets.org\/#website"},"datePublished":"2023-02-02T12:41:17+00:00","dateModified":"2023-03-01T14:10:26+00:00","breadcrumb":{"@id":"https:\/\/www.ricochets.org\/index.php\/les-projets\/#breadcrumb"},"inLanguage":"fr-FR","potentialAction":[{"@type":"ReadAction","target":["https:\/\/www.ricochets.org\/index.php\/les-projets\/"]}]},{"@type":"BreadcrumbList","@id":"https:\/\/www.ricochets.org\/index.php\/les-projets\/#breadcrumb","itemListElement":[{"@type":"ListItem","position":1,"name":"Accueil","item":"https:\/\/www.ricochets.org\/"},{"@type":"ListItem","position":2,"name":"Les projets"}]},{"@type":"WebSite","@id":"https:\/\/www.ricochets.org\/#website","url":"https:\/\/www.ricochets.org\/","name":"Association Ricochets Pierrerue","description":"Pour des ondes positives \u00e0 Pierrerue","publisher":{"@id":"https:\/\/www.ricochets.org\/#organization"},"potentialAction":[{"@type":"SearchAction","target":{"@type":"EntryPoint","urlTemplate":"https:\/\/www.ricochets.org\/?s={search_term_string}"},"query-input":"required name=search_term_string"}],"inLanguage":"fr-FR"},{"@type":"Organization","@id":"https:\/\/www.ricochets.org\/#organization","name":"Association Ricochets Pierrerue","url":"https:\/\/www.ricochets.org\/","logo":{"@type":"ImageObject","inLanguage":"fr-FR","@id":"https:\/\/www.ricochets.org\/#\/schema\/logo\/image\/","url":"https:\/\/www.ricochets.org\/wp-content\/uploads\/2023\/02\/cropped-logo-.jpg","contentUrl":"https:\/\/www.ricochets.org\/wp-content\/uploads\/2023\/02\/cropped-logo-.jpg","width":512,"height":512,"caption":"Association Ricochets Pierrerue"},"image":{"@id":"https:\/\/www.ricochets.org\/#\/schema\/logo\/image\/"},"sameAs":["https:\/\/www.facebook.com\/people\/Ricochets-Pierrerue\/100080624044782\/"]}]}},"_links":{"self":[{"href":"https:\/\/www.ricochets.org\/index.php\/wp-json\/wp\/v2\/pages\/121","targetHints":{"allow":["GET"]}}],"collection":[{"href":"https:\/\/www.ricochets.org\/index.php\/wp-json\/wp\/v2\/pages"}],"about":[{"href":"https:\/\/www.ricochets.org\/index.php\/wp-json\/wp\/v2\/types\/page"}],"author":[{"embeddable":true,"href":"https:\/\/www.ricochets.org\/index.php\/wp-json\/wp\/v2\/users\/1"}],"replies":[{"embeddable":true,"href":"https:\/\/www.ricochets.org\/index.php\/wp-json\/wp\/v2\/comments?post=121"}],"version-history":[{"count":10,"href":"https:\/\/www.ricochets.org\/index.php\/wp-json\/wp\/v2\/pages\/121\/revisions"}],"predecessor-version":[{"id":423,"href":"https:\/\/www.ricochets.org\/index.php\/wp-json\/wp\/v2\/pages\/121\/revisions\/423"}],"wp:attachment":[{"href":"https:\/\/www.ricochets.org\/index.php\/wp-json\/wp\/v2\/media?parent=121"}],"curies":[{"name":"wp","href":"https:\/\/api.w.org\/{rel}","templated":true}]}}