{"id":96,"date":"2023-02-01T16:07:19","date_gmt":"2023-02-01T15:07:19","guid":{"rendered":"https:\/\/www.ricochets.org\/?page_id=96"},"modified":"2023-03-01T15:04:17","modified_gmt":"2023-03-01T14:04:17","slug":"lassociation","status":"publish","type":"page","link":"https:\/\/www.ricochets.org\/index.php\/lassociation\/","title":{"rendered":"L&#8217;association"},"content":{"rendered":"\n<p>L&#8217;association Ricochets a \u00e9t\u00e9 cr\u00e9\u00e9e \u00e0 Pierrerue pendant l&#8217;automne 2021.<\/p>\n\n\n\n<p>Elle est n\u00e9e de plusieurs id\u00e9es et envies.<\/p>\n\n\n\n<p>L&#8217;envie de cr\u00e9er des \u00e9v\u00e8nements, \u00e9ph\u00e9m\u00e8res ou r\u00e9guliers, ici \u00e0 Pierrerue   et maintenant.<br>L&#8217;envie de sortir de chez soi  pour rencontrer d&#8217;autres et tenter de d\u00e9passer les clivages existants sur la commune. <\/p>\n\n\n\n<p><br>L&#8217;id\u00e9e aussi qu&#8217;on ne profite pleinement du bonheur que s&#8217;il est partag\u00e9, et que c&#8217;est une id\u00e9e si simple \u00e0 mettre en \u0153uvre.<br>Parce que l&#8217;\u00e9nergie de faire ensemble est souvent magique.<\/p>\n\n\n\n<p><br>Et aussi parce qu&#8217;un ricochet qui glisse \u00e0 la surface de l&#8217;eau, \u00e7a peut aller loin&#8230;<\/p>\n\n\n\n<p><\/p>\n\n\n\n<p><\/p>\n\n\n\n<p><\/p>\n\n\n\n<p> <\/p>\n","protected":false},"excerpt":{"rendered":"<p>L&#8217;association Ricochets a \u00e9t\u00e9 cr\u00e9\u00e9e \u00e0 Pierrerue pendant l&#8217;automne 2021. Elle est n\u00e9e de plusieurs id\u00e9es et envies. L&#8217;envie de cr\u00e9er des \u00e9v\u00e8nements, \u00e9ph\u00e9m\u00e8res ou r\u00e9guliers, ici \u00e0 Pierrerue et maintenant.L&#8217;envie de sortir de chez soi pour rencontrer d&#8217;autres et tenter de d\u00e9passer les clivages existants sur la commune. L&#8217;id\u00e9e aussi qu&#8217;on ne profite pleinement &hellip; <a href=\"https:\/\/www.ricochets.org\/index.php\/lassociation\/\" class=\"more-link\">Continuer la lecture de <span class=\"screen-reader-text\">L&#8217;association<\/span>  <span class=\"meta-nav\">&rarr;<\/span><\/a><\/p>\n","protected":false},"author":1,"featured_media":0,"parent":0,"menu_order":0,"comment_status":"closed","ping_status":"closed","template":"","meta":{"footnotes":""},"class_list":["post-96","page","type-page","status-publish","hentry"],"yoast_head":"<!-- This site is optimized with the Yoast SEO plugin v22.1 - https:\/\/yoast.com\/wordpress\/plugins\/seo\/ -->\n<title>L&#039;association - Association Ricochets<\/title>\n<meta name=\"robots\" content=\"index, follow, max-snippet:-1, max-image-preview:large, max-video-preview:-1\" \/>\n<link rel=\"canonical\" href=\"https:\/\/www.ricochets.org\/index.php\/lassociation\/\" \/>\n<meta property=\"og:locale\" content=\"fr_FR\" \/>\n<meta property=\"og:type\" content=\"article\" \/>\n<meta property=\"og:title\" content=\"L&#039;association - Association Ricochets\" \/>\n<meta property=\"og:description\" content=\"L&#8217;association Ricochets a \u00e9t\u00e9 cr\u00e9\u00e9e \u00e0 Pierrerue pendant l&#8217;automne 2021. Elle est n\u00e9e de plusieurs id\u00e9es et envies. L&#8217;envie de cr\u00e9er des \u00e9v\u00e8nements, \u00e9ph\u00e9m\u00e8res ou r\u00e9guliers, ici \u00e0 Pierrerue et maintenant.L&#8217;envie de sortir de chez soi pour rencontrer d&#8217;autres et tenter de d\u00e9passer les clivages existants sur la commune. L&#8217;id\u00e9e aussi qu&#8217;on ne profite pleinement &hellip; Continuer la lecture de L&#8217;association &rarr;\" \/>\n<meta property=\"og:url\" content=\"https:\/\/www.ricochets.org\/index.php\/lassociation\/\" \/>\n<meta property=\"og:site_name\" content=\"Association Ricochets\" \/>\n<meta property=\"article:publisher\" content=\"https:\/\/www.facebook.com\/people\/Ricochets-Pierrerue\/100080624044782\/\" \/>\n<meta property=\"article:modified_time\" content=\"2023-03-01T14:04:17+00:00\" \/>\n<meta name=\"twitter:card\" content=\"summary_large_image\" \/>\n<meta name=\"twitter:label1\" content=\"Dur\u00e9e de lecture estim\u00e9e\" \/>\n\t<meta name=\"twitter:data1\" content=\"1 minute\" \/>\n<script type=\"application\/ld+json\" class=\"yoast-schema-graph\">{\"@context\":\"https:\/\/schema.org\",\"@graph\":[{\"@type\":\"WebPage\",\"@id\":\"https:\/\/www.ricochets.org\/index.php\/lassociation\/\",\"url\":\"https:\/\/www.ricochets.org\/index.php\/lassociation\/\",\"name\":\"L'association - Association Ricochets\",\"isPartOf\":{\"@id\":\"https:\/\/www.ricochets.org\/#website\"},\"datePublished\":\"2023-02-01T15:07:19+00:00\",\"dateModified\":\"2023-03-01T14:04:17+00:00\",\"breadcrumb\":{\"@id\":\"https:\/\/www.ricochets.org\/index.php\/lassociation\/#breadcrumb\"},\"inLanguage\":\"fr-FR\",\"potentialAction\":[{\"@type\":\"ReadAction\",\"target\":[\"https:\/\/www.ricochets.org\/index.php\/lassociation\/\"]}]},{\"@type\":\"BreadcrumbList\",\"@id\":\"https:\/\/www.ricochets.org\/index.php\/lassociation\/#breadcrumb\",\"itemListElement\":[{\"@type\":\"ListItem\",\"position\":1,\"name\":\"Accueil\",\"item\":\"https:\/\/www.ricochets.org\/\"},{\"@type\":\"ListItem\",\"position\":2,\"name\":\"L&#8217;association\"}]},{\"@type\":\"WebSite\",\"@id\":\"https:\/\/www.ricochets.org\/#website\",\"url\":\"https:\/\/www.ricochets.org\/\",\"name\":\"Association Ricochets Pierrerue\",\"description\":\"Pour des ondes positives \u00e0 Pierrerue\",\"publisher\":{\"@id\":\"https:\/\/www.ricochets.org\/#organization\"},\"potentialAction\":[{\"@type\":\"SearchAction\",\"target\":{\"@type\":\"EntryPoint\",\"urlTemplate\":\"https:\/\/www.ricochets.org\/?s={search_term_string}\"},\"query-input\":\"required name=search_term_string\"}],\"inLanguage\":\"fr-FR\"},{\"@type\":\"Organization\",\"@id\":\"https:\/\/www.ricochets.org\/#organization\",\"name\":\"Association Ricochets Pierrerue\",\"url\":\"https:\/\/www.ricochets.org\/\",\"logo\":{\"@type\":\"ImageObject\",\"inLanguage\":\"fr-FR\",\"@id\":\"https:\/\/www.ricochets.org\/#\/schema\/logo\/image\/\",\"url\":\"https:\/\/www.ricochets.org\/wp-content\/uploads\/2023\/02\/cropped-logo-.jpg\",\"contentUrl\":\"https:\/\/www.ricochets.org\/wp-content\/uploads\/2023\/02\/cropped-logo-.jpg\",\"width\":512,\"height\":512,\"caption\":\"Association Ricochets Pierrerue\"},\"image\":{\"@id\":\"https:\/\/www.ricochets.org\/#\/schema\/logo\/image\/\"},\"sameAs\":[\"https:\/\/www.facebook.com\/people\/Ricochets-Pierrerue\/100080624044782\/\"]}]}<\/script>\n<!-- \/ Yoast SEO plugin. -->","yoast_head_json":{"title":"L'association - Association Ricochets","robots":{"index":"index","follow":"follow","max-snippet":"max-snippet:-1","max-image-preview":"max-image-preview:large","max-video-preview":"max-video-preview:-1"},"canonical":"https:\/\/www.ricochets.org\/index.php\/lassociation\/","og_locale":"fr_FR","og_type":"article","og_title":"L'association - Association Ricochets","og_description":"L&#8217;association Ricochets a \u00e9t\u00e9 cr\u00e9\u00e9e \u00e0 Pierrerue pendant l&#8217;automne 2021. Elle est n\u00e9e de plusieurs id\u00e9es et envies. L&#8217;envie de cr\u00e9er des \u00e9v\u00e8nements, \u00e9ph\u00e9m\u00e8res ou r\u00e9guliers, ici \u00e0 Pierrerue et maintenant.L&#8217;envie de sortir de chez soi pour rencontrer d&#8217;autres et tenter de d\u00e9passer les clivages existants sur la commune. L&#8217;id\u00e9e aussi qu&#8217;on ne profite pleinement &hellip; Continuer la lecture de L&#8217;association &rarr;","og_url":"https:\/\/www.ricochets.org\/index.php\/lassociation\/","og_site_name":"Association Ricochets","article_publisher":"https:\/\/www.facebook.com\/people\/Ricochets-Pierrerue\/100080624044782\/","article_modified_time":"2023-03-01T14:04:17+00:00","twitter_card":"summary_large_image","twitter_misc":{"Dur\u00e9e de lecture estim\u00e9e":"1 minute"},"schema":{"@context":"https:\/\/schema.org","@graph":[{"@type":"WebPage","@id":"https:\/\/www.ricochets.org\/index.php\/lassociation\/","url":"https:\/\/www.ricochets.org\/index.php\/lassociation\/","name":"L'association - Association Ricochets","isPartOf":{"@id":"https:\/\/www.ricochets.org\/#website"},"datePublished":"2023-02-01T15:07:19+00:00","dateModified":"2023-03-01T14:04:17+00:00","breadcrumb":{"@id":"https:\/\/www.ricochets.org\/index.php\/lassociation\/#breadcrumb"},"inLanguage":"fr-FR","potentialAction":[{"@type":"ReadAction","target":["https:\/\/www.ricochets.org\/index.php\/lassociation\/"]}]},{"@type":"BreadcrumbList","@id":"https:\/\/www.ricochets.org\/index.php\/lassociation\/#breadcrumb","itemListElement":[{"@type":"ListItem","position":1,"name":"Accueil","item":"https:\/\/www.ricochets.org\/"},{"@type":"ListItem","position":2,"name":"L&#8217;association"}]},{"@type":"WebSite","@id":"https:\/\/www.ricochets.org\/#website","url":"https:\/\/www.ricochets.org\/","name":"Association Ricochets Pierrerue","description":"Pour des ondes positives \u00e0 Pierrerue","publisher":{"@id":"https:\/\/www.ricochets.org\/#organization"},"potentialAction":[{"@type":"SearchAction","target":{"@type":"EntryPoint","urlTemplate":"https:\/\/www.ricochets.org\/?s={search_term_string}"},"query-input":"required name=search_term_string"}],"inLanguage":"fr-FR"},{"@type":"Organization","@id":"https:\/\/www.ricochets.org\/#organization","name":"Association Ricochets Pierrerue","url":"https:\/\/www.ricochets.org\/","logo":{"@type":"ImageObject","inLanguage":"fr-FR","@id":"https:\/\/www.ricochets.org\/#\/schema\/logo\/image\/","url":"https:\/\/www.ricochets.org\/wp-content\/uploads\/2023\/02\/cropped-logo-.jpg","contentUrl":"https:\/\/www.ricochets.org\/wp-content\/uploads\/2023\/02\/cropped-logo-.jpg","width":512,"height":512,"caption":"Association Ricochets Pierrerue"},"image":{"@id":"https:\/\/www.ricochets.org\/#\/schema\/logo\/image\/"},"sameAs":["https:\/\/www.facebook.com\/people\/Ricochets-Pierrerue\/100080624044782\/"]}]}},"_links":{"self":[{"href":"https:\/\/www.ricochets.org\/index.php\/wp-json\/wp\/v2\/pages\/96","targetHints":{"allow":["GET"]}}],"collection":[{"href":"https:\/\/www.ricochets.org\/index.php\/wp-json\/wp\/v2\/pages"}],"about":[{"href":"https:\/\/www.ricochets.org\/index.php\/wp-json\/wp\/v2\/types\/page"}],"author":[{"embeddable":true,"href":"https:\/\/www.ricochets.org\/index.php\/wp-json\/wp\/v2\/users\/1"}],"replies":[{"embeddable":true,"href":"https:\/\/www.ricochets.org\/index.php\/wp-json\/wp\/v2\/comments?post=96"}],"version-history":[{"count":14,"href":"https:\/\/www.ricochets.org\/index.php\/wp-json\/wp\/v2\/pages\/96\/revisions"}],"predecessor-version":[{"id":419,"href":"https:\/\/www.ricochets.org\/index.php\/wp-json\/wp\/v2\/pages\/96\/revisions\/419"}],"wp:attachment":[{"href":"https:\/\/www.ricochets.org\/index.php\/wp-json\/wp\/v2\/media?parent=96"}],"curies":[{"name":"wp","href":"https:\/\/api.w.org\/{rel}","templated":true}]}}