{"id":98,"date":"2023-02-01T16:10:08","date_gmt":"2023-02-01T15:10:08","guid":{"rendered":"https:\/\/www.ricochets.org\/?page_id=98"},"modified":"2023-03-03T09:22:32","modified_gmt":"2023-03-03T08:22:32","slug":"nous-contacter","status":"publish","type":"page","link":"https:\/\/www.ricochets.org\/index.php\/nous-contacter\/","title":{"rendered":"Nous contacter"},"content":{"rendered":"\n<p>Vous voulez nous contacter pour proposer un projet ? Vous impliquer en tant que b\u00e9n\u00e9vole ? Ou  tout simplement adh\u00e9rer et recevoir l&#8217;annonce et le d\u00e9tail des \u00e9v\u00e8nements que nous organisons ? <\/p>\n\n\n\n<p>Vous pouvez nous contacter \u00e0 : <\/p>\n\n\n\n<p>Ricochets, Rue du Chateau &#8211; 04300 Pierrerue<br>Pr\u00e9sidente : Emilie Alland<br>Adresse mail : ricochets (@) mailo.com<\/p>\n\n\n\n<p><br>Vous pouvez aussi laisser vos coordonn\u00e9es et votre message via le formulaire suivant : <\/p>\n\n\n\n<div class=\"wp-block-contact-form-7-contact-form-selector\">\n<div class=\"wpcf7 no-js\" id=\"wpcf7-f95-o1\" lang=\"fr-FR\" dir=\"ltr\">\n<div class=\"screen-reader-response\"><p role=\"status\" aria-live=\"polite\" aria-atomic=\"true\"><\/p> <ul><\/ul><\/div>\n<form action=\"\/index.php\/wp-json\/wp\/v2\/pages\/98#wpcf7-f95-o1\" method=\"post\" class=\"wpcf7-form init\" aria-label=\"Formulaire de contact\" novalidate=\"novalidate\" data-status=\"init\">\n<div style=\"display: none;\">\n<input type=\"hidden\" name=\"_wpcf7\" value=\"95\" \/>\n<input type=\"hidden\" name=\"_wpcf7_version\" value=\"5.8.7\" \/>\n<input type=\"hidden\" name=\"_wpcf7_locale\" value=\"fr_FR\" \/>\n<input type=\"hidden\" name=\"_wpcf7_unit_tag\" value=\"wpcf7-f95-o1\" \/>\n<input type=\"hidden\" name=\"_wpcf7_container_post\" value=\"0\" \/>\n<input type=\"hidden\" name=\"_wpcf7_posted_data_hash\" value=\"\" \/>\n<\/div>\n<p><label> Votre nom<br \/>\n<span class=\"wpcf7-form-control-wrap\" data-name=\"your-name\"><input size=\"40\" class=\"wpcf7-form-control wpcf7-text wpcf7-validates-as-required\" autocomplete=\"name\" aria-required=\"true\" aria-invalid=\"false\" value=\"\" type=\"text\" name=\"your-name\" \/><\/span> <\/label>\n<\/p>\n<p><label> Votre e-mail<br \/>\n<span class=\"wpcf7-form-control-wrap\" data-name=\"your-email\"><input size=\"40\" class=\"wpcf7-form-control wpcf7-email wpcf7-validates-as-required wpcf7-text wpcf7-validates-as-email\" autocomplete=\"email\" aria-required=\"true\" aria-invalid=\"false\" value=\"\" type=\"email\" name=\"your-email\" \/><\/span> <\/label>\n<\/p>\n<p><label> Objet de votre message<br \/>\n<span class=\"wpcf7-form-control-wrap\" data-name=\"your-subject\"><input size=\"40\" class=\"wpcf7-form-control wpcf7-text wpcf7-validates-as-required\" aria-required=\"true\" aria-invalid=\"false\" value=\"\" type=\"text\" name=\"your-subject\" \/><\/span> <\/label>\n<\/p>\n<p><label> Votre message (facultatif)<br \/>\n<span class=\"wpcf7-form-control-wrap\" data-name=\"your-message\"><textarea cols=\"40\" rows=\"10\" class=\"wpcf7-form-control wpcf7-textarea\" aria-invalid=\"false\" name=\"your-message\"><\/textarea><\/span> <\/label>\n<\/p>\n<p><input class=\"wpcf7-form-control wpcf7-submit has-spinner\" type=\"submit\" value=\"Envoyer\" \/>\n<\/p><p style=\"display: none !important;\" class=\"akismet-fields-container\" data-prefix=\"_wpcf7_ak_\"><label>&#916;<textarea name=\"_wpcf7_ak_hp_textarea\" cols=\"45\" rows=\"8\" maxlength=\"100\"><\/textarea><\/label><input type=\"hidden\" id=\"ak_js_1\" name=\"_wpcf7_ak_js\" value=\"166\"\/><script>document.getElementById( \"ak_js_1\" ).setAttribute( \"value\", ( new Date() ).getTime() );<\/script><\/p><div class=\"wpcf7-response-output\" aria-hidden=\"true\"><\/div>\n<\/form>\n<\/div>\n<\/div>\n","protected":false},"excerpt":{"rendered":"<p>Vous voulez nous contacter pour proposer un projet ? Vous impliquer en tant que b\u00e9n\u00e9vole ? Ou tout simplement adh\u00e9rer et recevoir l&#8217;annonce et le d\u00e9tail des \u00e9v\u00e8nements que nous organisons ? Vous pouvez nous contacter \u00e0 : Ricochets, Rue du Chateau &#8211; 04300 PierreruePr\u00e9sidente : Emilie AllandAdresse mail : ricochets (@) mailo.com Vous pouvez &hellip; <a href=\"https:\/\/www.ricochets.org\/index.php\/nous-contacter\/\" class=\"more-link\">Continuer la lecture de <span class=\"screen-reader-text\">Nous contacter<\/span>  <span class=\"meta-nav\">&rarr;<\/span><\/a><\/p>\n","protected":false},"author":1,"featured_media":0,"parent":0,"menu_order":0,"comment_status":"closed","ping_status":"closed","template":"","meta":{"footnotes":""},"class_list":["post-98","page","type-page","status-publish","hentry"],"yoast_head":"<!-- This site is optimized with the Yoast SEO plugin v22.1 - https:\/\/yoast.com\/wordpress\/plugins\/seo\/ -->\n<title>Nous contacter - Association Ricochets<\/title>\n<meta name=\"robots\" content=\"index, follow, max-snippet:-1, max-image-preview:large, max-video-preview:-1\" \/>\n<link rel=\"canonical\" href=\"https:\/\/www.ricochets.org\/index.php\/nous-contacter\/\" \/>\n<meta property=\"og:locale\" content=\"fr_FR\" \/>\n<meta property=\"og:type\" content=\"article\" \/>\n<meta property=\"og:title\" content=\"Nous contacter - Association Ricochets\" \/>\n<meta property=\"og:description\" content=\"Vous voulez nous contacter pour proposer un projet ? Vous impliquer en tant que b\u00e9n\u00e9vole ? Ou tout simplement adh\u00e9rer et recevoir l&#8217;annonce et le d\u00e9tail des \u00e9v\u00e8nements que nous organisons ? Vous pouvez nous contacter \u00e0 : Ricochets, Rue du Chateau &#8211; 04300 PierreruePr\u00e9sidente : Emilie AllandAdresse mail : ricochets (@) mailo.com Vous pouvez &hellip; Continuer la lecture de Nous contacter &rarr;\" \/>\n<meta property=\"og:url\" content=\"https:\/\/www.ricochets.org\/index.php\/nous-contacter\/\" \/>\n<meta property=\"og:site_name\" content=\"Association Ricochets\" \/>\n<meta property=\"article:publisher\" content=\"https:\/\/www.facebook.com\/people\/Ricochets-Pierrerue\/100080624044782\/\" \/>\n<meta property=\"article:modified_time\" content=\"2023-03-03T08:22:32+00:00\" \/>\n<meta name=\"twitter:card\" content=\"summary_large_image\" \/>\n<script type=\"application\/ld+json\" class=\"yoast-schema-graph\">{\"@context\":\"https:\/\/schema.org\",\"@graph\":[{\"@type\":\"WebPage\",\"@id\":\"https:\/\/www.ricochets.org\/index.php\/nous-contacter\/\",\"url\":\"https:\/\/www.ricochets.org\/index.php\/nous-contacter\/\",\"name\":\"Nous contacter - Association Ricochets\",\"isPartOf\":{\"@id\":\"https:\/\/www.ricochets.org\/#website\"},\"datePublished\":\"2023-02-01T15:10:08+00:00\",\"dateModified\":\"2023-03-03T08:22:32+00:00\",\"breadcrumb\":{\"@id\":\"https:\/\/www.ricochets.org\/index.php\/nous-contacter\/#breadcrumb\"},\"inLanguage\":\"fr-FR\",\"potentialAction\":[{\"@type\":\"ReadAction\",\"target\":[\"https:\/\/www.ricochets.org\/index.php\/nous-contacter\/\"]}]},{\"@type\":\"BreadcrumbList\",\"@id\":\"https:\/\/www.ricochets.org\/index.php\/nous-contacter\/#breadcrumb\",\"itemListElement\":[{\"@type\":\"ListItem\",\"position\":1,\"name\":\"Accueil\",\"item\":\"https:\/\/www.ricochets.org\/\"},{\"@type\":\"ListItem\",\"position\":2,\"name\":\"Nous contacter\"}]},{\"@type\":\"WebSite\",\"@id\":\"https:\/\/www.ricochets.org\/#website\",\"url\":\"https:\/\/www.ricochets.org\/\",\"name\":\"Association Ricochets Pierrerue\",\"description\":\"Pour des ondes positives \u00e0 Pierrerue\",\"publisher\":{\"@id\":\"https:\/\/www.ricochets.org\/#organization\"},\"potentialAction\":[{\"@type\":\"SearchAction\",\"target\":{\"@type\":\"EntryPoint\",\"urlTemplate\":\"https:\/\/www.ricochets.org\/?s={search_term_string}\"},\"query-input\":\"required name=search_term_string\"}],\"inLanguage\":\"fr-FR\"},{\"@type\":\"Organization\",\"@id\":\"https:\/\/www.ricochets.org\/#organization\",\"name\":\"Association Ricochets Pierrerue\",\"url\":\"https:\/\/www.ricochets.org\/\",\"logo\":{\"@type\":\"ImageObject\",\"inLanguage\":\"fr-FR\",\"@id\":\"https:\/\/www.ricochets.org\/#\/schema\/logo\/image\/\",\"url\":\"https:\/\/www.ricochets.org\/wp-content\/uploads\/2023\/02\/cropped-logo-.jpg\",\"contentUrl\":\"https:\/\/www.ricochets.org\/wp-content\/uploads\/2023\/02\/cropped-logo-.jpg\",\"width\":512,\"height\":512,\"caption\":\"Association Ricochets Pierrerue\"},\"image\":{\"@id\":\"https:\/\/www.ricochets.org\/#\/schema\/logo\/image\/\"},\"sameAs\":[\"https:\/\/www.facebook.com\/people\/Ricochets-Pierrerue\/100080624044782\/\"]}]}<\/script>\n<!-- \/ Yoast SEO plugin. -->","yoast_head_json":{"title":"Nous contacter - Association Ricochets","robots":{"index":"index","follow":"follow","max-snippet":"max-snippet:-1","max-image-preview":"max-image-preview:large","max-video-preview":"max-video-preview:-1"},"canonical":"https:\/\/www.ricochets.org\/index.php\/nous-contacter\/","og_locale":"fr_FR","og_type":"article","og_title":"Nous contacter - Association Ricochets","og_description":"Vous voulez nous contacter pour proposer un projet ? Vous impliquer en tant que b\u00e9n\u00e9vole ? Ou tout simplement adh\u00e9rer et recevoir l&#8217;annonce et le d\u00e9tail des \u00e9v\u00e8nements que nous organisons ? Vous pouvez nous contacter \u00e0 : Ricochets, Rue du Chateau &#8211; 04300 PierreruePr\u00e9sidente : Emilie AllandAdresse mail : ricochets (@) mailo.com Vous pouvez &hellip; Continuer la lecture de Nous contacter &rarr;","og_url":"https:\/\/www.ricochets.org\/index.php\/nous-contacter\/","og_site_name":"Association Ricochets","article_publisher":"https:\/\/www.facebook.com\/people\/Ricochets-Pierrerue\/100080624044782\/","article_modified_time":"2023-03-03T08:22:32+00:00","twitter_card":"summary_large_image","schema":{"@context":"https:\/\/schema.org","@graph":[{"@type":"WebPage","@id":"https:\/\/www.ricochets.org\/index.php\/nous-contacter\/","url":"https:\/\/www.ricochets.org\/index.php\/nous-contacter\/","name":"Nous contacter - Association Ricochets","isPartOf":{"@id":"https:\/\/www.ricochets.org\/#website"},"datePublished":"2023-02-01T15:10:08+00:00","dateModified":"2023-03-03T08:22:32+00:00","breadcrumb":{"@id":"https:\/\/www.ricochets.org\/index.php\/nous-contacter\/#breadcrumb"},"inLanguage":"fr-FR","potentialAction":[{"@type":"ReadAction","target":["https:\/\/www.ricochets.org\/index.php\/nous-contacter\/"]}]},{"@type":"BreadcrumbList","@id":"https:\/\/www.ricochets.org\/index.php\/nous-contacter\/#breadcrumb","itemListElement":[{"@type":"ListItem","position":1,"name":"Accueil","item":"https:\/\/www.ricochets.org\/"},{"@type":"ListItem","position":2,"name":"Nous contacter"}]},{"@type":"WebSite","@id":"https:\/\/www.ricochets.org\/#website","url":"https:\/\/www.ricochets.org\/","name":"Association Ricochets Pierrerue","description":"Pour des ondes positives \u00e0 Pierrerue","publisher":{"@id":"https:\/\/www.ricochets.org\/#organization"},"potentialAction":[{"@type":"SearchAction","target":{"@type":"EntryPoint","urlTemplate":"https:\/\/www.ricochets.org\/?s={search_term_string}"},"query-input":"required name=search_term_string"}],"inLanguage":"fr-FR"},{"@type":"Organization","@id":"https:\/\/www.ricochets.org\/#organization","name":"Association Ricochets Pierrerue","url":"https:\/\/www.ricochets.org\/","logo":{"@type":"ImageObject","inLanguage":"fr-FR","@id":"https:\/\/www.ricochets.org\/#\/schema\/logo\/image\/","url":"https:\/\/www.ricochets.org\/wp-content\/uploads\/2023\/02\/cropped-logo-.jpg","contentUrl":"https:\/\/www.ricochets.org\/wp-content\/uploads\/2023\/02\/cropped-logo-.jpg","width":512,"height":512,"caption":"Association Ricochets Pierrerue"},"image":{"@id":"https:\/\/www.ricochets.org\/#\/schema\/logo\/image\/"},"sameAs":["https:\/\/www.facebook.com\/people\/Ricochets-Pierrerue\/100080624044782\/"]}]}},"_links":{"self":[{"href":"https:\/\/www.ricochets.org\/index.php\/wp-json\/wp\/v2\/pages\/98","targetHints":{"allow":["GET"]}}],"collection":[{"href":"https:\/\/www.ricochets.org\/index.php\/wp-json\/wp\/v2\/pages"}],"about":[{"href":"https:\/\/www.ricochets.org\/index.php\/wp-json\/wp\/v2\/types\/page"}],"author":[{"embeddable":true,"href":"https:\/\/www.ricochets.org\/index.php\/wp-json\/wp\/v2\/users\/1"}],"replies":[{"embeddable":true,"href":"https:\/\/www.ricochets.org\/index.php\/wp-json\/wp\/v2\/comments?post=98"}],"version-history":[{"count":6,"href":"https:\/\/www.ricochets.org\/index.php\/wp-json\/wp\/v2\/pages\/98\/revisions"}],"predecessor-version":[{"id":460,"href":"https:\/\/www.ricochets.org\/index.php\/wp-json\/wp\/v2\/pages\/98\/revisions\/460"}],"wp:attachment":[{"href":"https:\/\/www.ricochets.org\/index.php\/wp-json\/wp\/v2\/media?parent=98"}],"curies":[{"name":"wp","href":"https:\/\/api.w.org\/{rel}","templated":true}]}}